{"id":3928,"date":"2019-10-03T22:16:42","date_gmt":"2019-10-03T22:16:42","guid":{"rendered":"https:\/\/kt-bankruptcylawyer.com\/testimonios\/"},"modified":"2019-10-03T22:37:06","modified_gmt":"2019-10-03T22:37:06","slug":"testimonios","status":"publish","type":"page","link":"https:\/\/kt-bankruptcylawyer.com\/es\/testimonios\/","title":{"rendered":"Testimonios"},"content":{"rendered":"<p><div class=\"fusion-fullwidth fullwidth-box fusion-parallax-none nonhundred-percent-fullwidth non-hundred-percent-height-scrolling\"  style='background-color: rgba(255,255,255,0);background-image: url(\"https:\/\/kt-bankruptcylawyer.com\/wp-content\/uploads\/2018\/08\/happy-clients-4.jpg\");background-position: center bottom;background-repeat: no-repeat;padding-top:8%;padding-right:0px;padding-bottom:10%;padding-left:0px;-webkit-background-size:cover;-moz-background-size:cover;-o-background-size:cover;background-size:cover;'><div class=\"fusion-builder-row fusion-row \"><div  data-animationType=fadeInDown data-animationDuration=0.6 data-animationOffset=100% class=\"fusion-layout-column fusion_builder_column fusion_builder_column_1_1  fusion-one-full fusion-column-first fusion-column-last fusion-animated 1_1\"  style='margin-top:15px;margin-bottom:15px;'>\n\t\t\t\t\t<div class=\"fusion-column-wrapper\" style=\"padding: 0px 0px 0px 0px;background-position:left top;background-repeat:no-repeat;-webkit-background-size:cover;-moz-background-size:cover;-o-background-size:cover;background-size:cover;\"  data-bg-url=\"\">\n\t\t\t\t\t\t<div class=\"fusion-title title fusion-sep-none fusion-title-center fusion-title-size-one\" style=\"margin-top:15px;margin-bottom:0px;\"><h1 class=\"title-heading-center\"><p style=\"text-align: center;\">TESTIMONIOS<\/p><\/h1><\/div><div class=\"fusion-title title fusion-sep-none fusion-title-center fusion-title-size-six\" style=\"margin-top:15px;margin-bottom:15px;\"><h6 class=\"title-heading-center\"><p style=\"text-align: center;\"><span style=\"color: #ffffff;\">NUESTROS CLIENTES EXTREMADAMENTE SATISFECHOS<\/span><\/p><\/h6><\/div><div class=\"fusion-clearfix\"><\/div>\n\n\t\t\t\t\t<\/div>\n\t\t\t\t<\/div><\/div><\/div><div class=\"fusion-fullwidth fullwidth-box nonhundred-percent-fullwidth non-hundred-percent-height-scrolling fusion-equal-height-columns\"  style='background-color: #f5f7fa;background-position: center center;background-repeat: no-repeat;padding-top:7%;padding-right:0px;padding-bottom:7%;padding-left:0px;'><div class=\"fusion-builder-row fusion-row \"><div  class=\"fusion-layout-column fusion_builder_column fusion_builder_column_1_4  fusion-one-fourth fusion-column-first fusion-blend-mode 1_4\"  style='margin-top:15px;margin-bottom:15px;width:25%;width:calc(25% - ( ( 4% + 4% ) * 0.25 ) );margin-right: 4%;'>\n\t\t\t\t\t<div class=\"fusion-column-wrapper\" style=\"background-color:#ffffff;padding: 25px 50px 25px 50px;background-position:left top;background-repeat:no-repeat;-webkit-background-size:cover;-moz-background-size:cover;-o-background-size:cover;background-size:cover;\"  data-bg-url=\"\">\n\t\t\t\t\t\t<div class=\"fusion-column-content-centered\"><div class=\"fusion-column-content\"><img decoding=\"async\" src=\"https:\/\/kt-bankruptcylawyer.com\/wp-content\/uploads\/2018\/10\/5stargoogle.png\" alt=\"\" \/><\/div><\/div><div class=\"fusion-clearfix\"><\/div>\n\n\t\t\t\t\t<\/div>\n\t\t\t\t<\/div><div  class=\"fusion-layout-column fusion_builder_column fusion_builder_column_1_2  fusion-one-half 1_2\"  style='margin-top:100px;margin-bottom:15px;width:50%;width:calc(50% - ( ( 4% + 4% ) * 0.5 ) );margin-right: 4%;'>\n\t\t\t\t\t<div class=\"fusion-column-wrapper\" style=\"padding: 0px 0px 0px 0px;background-position:left top;background-repeat:no-repeat;-webkit-background-size:cover;-moz-background-size:cover;-o-background-size:cover;background-size:cover;\"  data-bg-url=\"\">\n\t\t\t\t\t\t<div class=\"fusion-text\"><h1 style=\"text-align: center;\"><strong>\u00a1INVESTIGUE SOBRE NOSOTROS!<\/strong><\/h1>\n<\/div><div class=\"fusion-clearfix\"><\/div>\n\n\t\t\t\t\t<\/div>\n\t\t\t\t<\/div><div  class=\"fusion-layout-column fusion_builder_column fusion_builder_column_1_4  fusion-one-fourth fusion-column-last fusion-blend-mode 1_4\"  style='margin-top:15px;margin-bottom:15px;width:25%;width:calc(25% - ( ( 4% + 4% ) * 0.25 ) );'>\n\t\t\t\t\t<div class=\"fusion-column-wrapper\" style=\"background-color:#ffffff;padding: 0px 0px 0px 0px;background-position:left top;background-repeat:no-repeat;-webkit-background-size:cover;-moz-background-size:cover;-o-background-size:cover;background-size:cover;\"  data-bg-url=\"\">\n\t\t\t\t\t\t<img decoding=\"async\" src=\"https:\/\/kt-bankruptcylawyer.com\/wp-content\/uploads\/2018\/10\/5-Star-Business-Yelp-Silverback-Automotive.png\" alt=\"We have a 99.99% Success Rate\" \/><div class=\"fusion-clearfix\"><\/div>\n\n\t\t\t\t\t<\/div>\n\t\t\t\t<\/div><\/div><\/div><div class=\"fusion-fullwidth fullwidth-box nonhundred-percent-fullwidth non-hundred-percent-height-scrolling fusion-equal-height-columns\"  style='background-color: #ffffff;background-position: center center;background-repeat: no-repeat;padding-top:7%;padding-right:0px;padding-bottom:7%;padding-left:0px;'><div class=\"fusion-builder-row fusion-row \"><div  data-animationType=slideInLeft data-animationDuration=0.6 data-animationOffset=100% class=\"fusion-layout-column fusion_builder_column fusion_builder_column_2_3  fusion-two-third fusion-column-first fusion-blend-mode fusion-animated 2_3\"  style='margin-top:30px;margin-bottom:2%;width:66.66%;width:calc(66.66% - ( ( 4% ) * 0.6666 ) );margin-right: 4%;'>\n\t\t\t\t\t<div class=\"fusion-column-wrapper\" style=\"background-color:#ffffff;border:1px solid #e4ebf1;padding: 10% 10% 5% 10%;background-position:right top;background-repeat:no-repeat;-webkit-background-size:cover;-moz-background-size:cover;-o-background-size:cover;background-size:cover;\"  data-bg-url=\"\">\n\t\t\t\t\t\t<div class=\"fusion-column-content-centered\"><div class=\"fusion-column-content\"><div class=\"fusion-text\"><p style=\"text-align: center;\"><span style=\"color: #000000;\">\u00abKT es la empresa m\u00e1s honesta, entusiasta y muy \u00fatil para su cliente. \u00c9l se hizo cargo de mi complicado caso por otro abogado que descuid\u00f3 mi caso. Pero no pude estar lo suficientemente feliz para agradecer a KT y a su Asociada Clarissa C, quien me ayud\u00f3 mucho con mi caso de bancarrota. KT es un gran abogado y siempre contesta su tel\u00e9fono cuando tienes preguntas. Nunca te arrepentir\u00e1s una vez que lo contrataste&#8230;.te lo recomiendo al 100%&#8230; Manuel D.\u00bb<\/span><\/p>\n<\/div><\/div><\/div><div class=\"fusion-clearfix\"><\/div>\n\n\t\t\t\t\t<\/div>\n\t\t\t\t<\/div><div  data-animationType=slideInLeft data-animationDuration=0.6 data-animationOffset=100% class=\"fusion-layout-column fusion_builder_column fusion_builder_column_1_3  fusion-one-third fusion-column-last fusion-animated 1_3\"  style='margin-top:30px;margin-bottom:2%;width:33.33%;width:calc(33.33% - ( ( 4% ) * 0.3333 ) );'>\n\t\t\t\t\t<div class=\"fusion-column-wrapper\" style=\"border:1px solid #e4ebf1;padding: 40% 40% 40% 40%;background-image: url('https:\/\/kt-bankruptcylawyer.com\/wp-content\/uploads\/2018\/08\/happy-client.jpg');background-position:right top;background-repeat:no-repeat;-webkit-background-size:cover;-moz-background-size:cover;-o-background-size:cover;background-size:cover;\"  data-bg-url=\"https:\/\/kt-bankruptcylawyer.com\/wp-content\/uploads\/2018\/08\/happy-client.jpg\">\n\t\t\t\t\t\t<div class=\"fusion-column-content-centered\"><div class=\"fusion-column-content\"><\/div><\/div><div class=\"fusion-clearfix\"><\/div>\n\n\t\t\t\t\t<\/div>\n\t\t\t\t<\/div><\/div><\/div><div class=\"fusion-fullwidth fullwidth-box nonhundred-percent-fullwidth non-hundred-percent-height-scrolling fusion-equal-height-columns\"  style='background-color: #f5f7fa;background-position: center center;background-repeat: no-repeat;padding-top:7%;padding-right:0px;padding-bottom:7%;padding-left:0px;'><div class=\"fusion-builder-row fusion-row \"><div  data-animationType=slideInLeft data-animationDuration=0.6 data-animationOffset=100% class=\"fusion-layout-column fusion_builder_column fusion_builder_column_1_3  fusion-one-third fusion-column-first fusion-animated 1_3\"  style='margin-top:30px;margin-bottom:2%;width:33.33%;width:calc(33.33% - ( ( 4% ) * 0.3333 ) );margin-right: 4%;'>\n\t\t\t\t\t<div class=\"fusion-column-wrapper\" style=\"border:1px solid #e4ebf1;padding: 40% 40% 40% 40%;background-image: url('https:\/\/kt-bankruptcylawyer.com\/wp-content\/uploads\/2018\/08\/happy-client-3-2-1.jpg');background-position:right top;background-repeat:no-repeat;-webkit-background-size:cover;-moz-background-size:cover;-o-background-size:cover;background-size:cover;\"  data-bg-url=\"https:\/\/kt-bankruptcylawyer.com\/wp-content\/uploads\/2018\/08\/happy-client-3-2-1.jpg\">\n\t\t\t\t\t\t<div class=\"fusion-column-content-centered\"><div class=\"fusion-column-content\"><\/div><\/div><div class=\"fusion-clearfix\"><\/div>\n\n\t\t\t\t\t<\/div>\n\t\t\t\t<\/div><div  data-animationType=slideInLeft data-animationDuration=0.6 data-animationOffset=100% class=\"fusion-layout-column fusion_builder_column fusion_builder_column_2_3  fusion-two-third fusion-column-last fusion-blend-mode fusion-animated 2_3\"  style='margin-top:30px;margin-bottom:2%;width:66.66%;width:calc(66.66% - ( ( 4% ) * 0.6666 ) );'>\n\t\t\t\t\t<div class=\"fusion-column-wrapper\" style=\"background-color:#ffffff;border:1px solid #e4ebf1;padding: 10% 10% 5% 10%;background-position:right top;background-repeat:no-repeat;-webkit-background-size:cover;-moz-background-size:cover;-o-background-size:cover;background-size:cover;\"  data-bg-url=\"\">\n\t\t\t\t\t\t<div class=\"fusion-column-content-centered\"><div class=\"fusion-column-content\"><div class=\"fusion-text\"><p style=\"text-align: center;\"><span style=\"color: #000000;\">\u00abKT es inteligente y conoce la ley de bancarrota y usted no se equivocar\u00e1 al contratarlo para que lo represente en una Bancarrota del Cap\u00edtulo 7, Cap\u00edtulo 11, o en una Bancarrota del Cap\u00edtulo 13 &#8211; Herbie B.\u00bb.<\/span><\/p>\n<\/div><\/div><\/div><div class=\"fusion-clearfix\"><\/div>\n\n\t\t\t\t\t<\/div>\n\t\t\t\t<\/div><\/div><\/div><div class=\"fusion-fullwidth fullwidth-box nonhundred-percent-fullwidth non-hundred-percent-height-scrolling fusion-equal-height-columns\"  style='background-color: #ffffff;background-position: center center;background-repeat: no-repeat;padding-top:7%;padding-right:0px;padding-bottom:7%;padding-left:0px;'><div class=\"fusion-builder-row fusion-row \"><div  data-animationType=slideInLeft data-animationDuration=0.6 data-animationOffset=100% class=\"fusion-layout-column fusion_builder_column fusion_builder_column_2_3  fusion-two-third fusion-column-first fusion-blend-mode fusion-animated 2_3\"  style='margin-top:30px;margin-bottom:2%;width:66.66%;width:calc(66.66% - ( ( 4% ) * 0.6666 ) );margin-right: 4%;'>\n\t\t\t\t\t<div class=\"fusion-column-wrapper\" style=\"background-color:#ffffff;border:1px solid #e4ebf1;padding: 10% 10% 5% 10%;background-position:right top;background-repeat:no-repeat;-webkit-background-size:cover;-moz-background-size:cover;-o-background-size:cover;background-size:cover;\"  data-bg-url=\"\">\n\t\t\t\t\t\t<div class=\"fusion-column-content-centered\"><div class=\"fusion-column-content\"><div class=\"fusion-text\"><p style=\"text-align: center;\"><span style=\"color: #000000;\">KT y su equipo son extremadamente profesionales y me tranquilizaron. Mostraron un enorme respeto y cuidado por mi situaci\u00f3n. \u00a1No puedo agradecerles lo suficiente!<\/span><\/p>\n<\/div><\/div><\/div><div class=\"fusion-clearfix\"><\/div>\n\n\t\t\t\t\t<\/div>\n\t\t\t\t<\/div><div  data-animationType=slideInLeft data-animationDuration=0.6 data-animationOffset=100% class=\"fusion-layout-column fusion_builder_column fusion_builder_column_1_3  fusion-one-third fusion-column-last fusion-animated 1_3\"  style='margin-top:30px;margin-bottom:2%;width:33.33%;width:calc(33.33% - ( ( 4% ) * 0.3333 ) );'>\n\t\t\t\t\t<div class=\"fusion-column-wrapper\" style=\"border:1px solid #e4ebf1;padding: 40% 40% 40% 40%;background-image: url('https:\/\/kt-bankruptcylawyer.com\/wp-content\/uploads\/2018\/08\/happy-client-3.jpg');background-position:right top;background-repeat:no-repeat;-webkit-background-size:cover;-moz-background-size:cover;-o-background-size:cover;background-size:cover;\"  data-bg-url=\"https:\/\/kt-bankruptcylawyer.com\/wp-content\/uploads\/2018\/08\/happy-client-3.jpg\">\n\t\t\t\t\t\t<div class=\"fusion-column-content-centered\"><div class=\"fusion-column-content\"><\/div><\/div><div class=\"fusion-clearfix\"><\/div>\n\n\t\t\t\t\t<\/div>\n\t\t\t\t<\/div><\/div><\/div><div class=\"fusion-fullwidth fullwidth-box fusion-parallax-none nonhundred-percent-fullwidth non-hundred-percent-height-scrolling fusion-equal-height-columns\"  style='background-color: #292b37;background-image: url(\"https:\/\/kt-bankruptcylawyer.com\/wp-content\/uploads\/2018\/08\/kevin-grieve-660962-unsplash-min-150x150.jpg\");background-position: center center;background-repeat: no-repeat;padding-top:60px;padding-right:50px;padding-bottom:60px;padding-left:50px;-webkit-background-size:cover;-moz-background-size:cover;-o-background-size:cover;background-size:cover;'><div class=\"fusion-builder-row fusion-row \"><div  data-animationType=zoomIn data-animationDuration=1.0 data-animationOffset=100% class=\"fusion-layout-column fusion_builder_column fusion_builder_column_2_5  fusion-two-fifth fusion-column-first fusion-blend-mode fusion-animated 2_5\"  style='margin-top:15px;margin-bottom:15px;width:40%;width:calc(40% - ( ( 6% ) * 0.4 ) );margin-right: 6%;'>\n\t\t\t\t\t<div class=\"fusion-column-wrapper\" style=\"background-color:rgba(255,152,0,0.78);padding: 10px 10px 10px 10px;background-position:left top;background-repeat:no-repeat;-webkit-background-size:cover;-moz-background-size:cover;-o-background-size:cover;background-size:cover;\"  data-bg-url=\"\">\n\t\t\t\t\t\t<div class=\"fusion-column-content-centered\"><div class=\"fusion-column-content\"><div class=\"fusion-title title fusion-sep-none fusion-title-size-three\" style=\"margin-top:0px;margin-bottom:0px;\"><h3 class=\"title-heading-left\"><span style=\"color: #ffffff;\">Need MORE INFO?<\/span><\/h3><\/div><div class=\"fusion-sep-clear\"><\/div><div class=\"fusion-separator sep-single sep-solid\" style=\"border-color:#ffffff;border-top-width:1px;margin-top:20px;margin-bottom:20px;width:100%;max-width:50%;\"><\/div><div class=\"fusion-text\"><p><span style=\"color: #ffffff;\">We value your privacy and will never spam you<\/span><\/p>\n<\/div><\/div><\/div><div class=\"fusion-clearfix\"><\/div>\n\n\t\t\t\t\t<\/div>\n\t\t\t\t<\/div><div  data-animationType=slideInRight data-animationDuration=1.0 data-animationOffset=100% class=\"fusion-layout-column fusion_builder_column fusion_builder_column_3_5  fusion-three-fifth fusion-column-last fusion-animated 3_5\"  style='margin-top:15px;margin-bottom:15px;width:60%;width:calc(60% - ( ( 6% ) * 0.6 ) );'>\n\t\t\t\t\t<div class=\"fusion-column-wrapper\" style=\"padding: 0px 0px 0px 0px;background-position:left top;background-repeat:no-repeat;-webkit-background-size:cover;-moz-background-size:cover;-o-background-size:cover;background-size:cover;\"  data-bg-url=\"\">\n\t\t\t\t\t\t<div class=\"fusion-column-content-centered\"><div class=\"fusion-column-content\"><div class=\"fusion-button-wrapper\"><style type=\"text\/css\" scoped=\"scoped\">.fusion-button.button-1 .fusion-button-text, .fusion-button.button-1 i {color:#ffffff;}.fusion-button.button-1 {border-width:0px;border-color:#ffffff;}.fusion-button.button-1 .fusion-button-icon-divider{border-color:#ffffff;}.fusion-button.button-1:hover .fusion-button-text, .fusion-button.button-1:hover i,.fusion-button.button-1:focus .fusion-button-text, .fusion-button.button-1:focus i,.fusion-button.button-1:active .fusion-button-text, .fusion-button.button-1:active{color:#ffffff;}.fusion-button.button-1:hover, .fusion-button.button-1:focus, .fusion-button.button-1:active{border-width:0px;border-color:#ffffff;}.fusion-button.button-1:hover .fusion-button-icon-divider, .fusion-button.button-1:hover .fusion-button-icon-divider, .fusion-button.button-1:active .fusion-button-icon-divider{border-color:#ffffff;}.fusion-button.button-1{width:100%;}<\/style><a class=\"fusion-button button-flat fusion-button-round button-large button-default button-1\" target=\"_self\" href=\"https:\/\/access.tang-associates.com\/widget\/form\/3nrfz0qKPEgqIKqNVQsP\"><span class=\"fusion-button-text\">Contact us<\/span><\/a><\/div><\/div><\/div><div class=\"fusion-clearfix\"><\/div>\n\n\t\t\t\t\t<\/div>\n\t\t\t\t<\/div><\/div><\/div><\/p>\n","protected":false},"excerpt":{"rendered":"","protected":false},"author":6,"featured_media":0,"parent":0,"menu_order":0,"comment_status":"closed","ping_status":"closed","template":"100-width.php","meta":{"footnotes":""},"yst_prominent_words":[],"class_list":["post-3928","page","type-page","status-publish","hentry"],"_links":{"self":[{"href":"https:\/\/kt-bankruptcylawyer.com\/es\/wp-json\/wp\/v2\/pages\/3928","targetHints":{"allow":["GET"]}}],"collection":[{"href":"https:\/\/kt-bankruptcylawyer.com\/es\/wp-json\/wp\/v2\/pages"}],"about":[{"href":"https:\/\/kt-bankruptcylawyer.com\/es\/wp-json\/wp\/v2\/types\/page"}],"author":[{"embeddable":true,"href":"https:\/\/kt-bankruptcylawyer.com\/es\/wp-json\/wp\/v2\/users\/6"}],"replies":[{"embeddable":true,"href":"https:\/\/kt-bankruptcylawyer.com\/es\/wp-json\/wp\/v2\/comments?post=3928"}],"version-history":[{"count":5,"href":"https:\/\/kt-bankruptcylawyer.com\/es\/wp-json\/wp\/v2\/pages\/3928\/revisions"}],"predecessor-version":[{"id":3935,"href":"https:\/\/kt-bankruptcylawyer.com\/es\/wp-json\/wp\/v2\/pages\/3928\/revisions\/3935"}],"wp:attachment":[{"href":"https:\/\/kt-bankruptcylawyer.com\/es\/wp-json\/wp\/v2\/media?parent=3928"}],"wp:term":[{"taxonomy":"yst_prominent_words","embeddable":true,"href":"https:\/\/kt-bankruptcylawyer.com\/es\/wp-json\/wp\/v2\/yst_prominent_words?post=3928"}],"curies":[{"name":"wp","href":"https:\/\/api.w.org\/{rel}","templated":true}]}}